{"id":1633,"date":"2021-02-26T15:52:28","date_gmt":"2021-02-26T12:52:28","guid":{"rendered":"http:\/\/www.nogamobilya.com\/?page_id=1633"},"modified":"2021-02-26T15:53:41","modified_gmt":"2021-02-26T12:53:41","slug":"yemek-odalari","status":"publish","type":"page","link":"http:\/\/www.nogamobilya.com\/index.php\/yemek-odalari\/","title":{"rendered":"Yemek Odalar\u0131"},"content":{"rendered":"<p>[vc_row][vc_column]\n\t\t\t\t\t\t<div class=\"site-content page-portfolio portfolio-layout-boxed portfolio-hover col-sm-12\" role=\"main\">\n\t\t\t\n\t\t\t\t\t\t\t\t\t\t\t\t\t\t\t<div class=\"row row-spacing-10 \">\n\n\t\t\t\t\t\t\t\t\t\t\t\t\t\t\t\n\t\t\t\t\t\t\t\t \n\t\t\t\t\t\t\t\n\t\t\t\t\t\t\t<div class=\"clear\"><\/div>\n\n\t\t\t\t\t\t\t<div class=\"masonry-container basel-portfolio-holder\" data-atts=\"{&quot;posts_per_page&quot;:&quot;12&quot;,&quot;filters&quot;:&quot;1&quot;,&quot;categories&quot;:&quot;42&quot;,&quot;style&quot;:&quot;hover&quot;,&quot;columns&quot;:&quot;3&quot;,&quot;spacing&quot;:&quot;10&quot;,&quot;full_width&quot;:&quot;&quot;,&quot;filters_bg&quot;:&quot;&quot;,&quot;ajax_page&quot;:&quot;&quot;,&quot;pagination&quot;:&quot;pagination&quot;,&quot;basel_color_scheme&quot;:&quot;dark&quot;,&quot;orderby&quot;:&quot;&quot;,&quot;order&quot;:&quot;&quot;,&quot;el_class&quot;:&quot;&quot;}\" data-source=\"shortcode\" data-paged=\"1\">\n\t\t\t\t\t\n\t\t\t\t\t\t\t\t\t\t\t\t\t\t\t\t\t\t\t\t\t\t\n<article id=\"post-2183\" class=\"portfolio-entry  col-sm-4 col-xs-12 portfolio-single masonry-item proj-cat-yemek-odalari post-2183 portfolio type-portfolio status-publish has-post-thumbnail hentry project-cat-yemek-odalari\">\n\t\t\t<header class=\"entry-header\">\n\t\t\t<figure class=\"entry-thumbnail\">\n\t\t\t\t\t\t\t\t\t\t\t\t<a href=\"http:\/\/www.nogamobilya.com\/index.php\/portfolio\/oslo-krem-yemek-odasi\/\" class=\"portfolio-thumbnail\">\n\t\t\t\t\t\t\t\t<img loading=\"lazy\" decoding=\"async\" width=\"1024\" height=\"683\" src=\"http:\/\/www.nogamobilya.com\/wp-content\/uploads\/2021\/08\/oslokrem-6-1-1024x683.jpg\" class=\"attachment-large size-large wp-post-image\" alt=\"\" srcset=\"http:\/\/www.nogamobilya.com\/wp-content\/uploads\/2021\/08\/oslokrem-6-1-1024x683.jpg 1024w, http:\/\/www.nogamobilya.com\/wp-content\/uploads\/2021\/08\/oslokrem-6-1-300x200.jpg 300w, http:\/\/www.nogamobilya.com\/wp-content\/uploads\/2021\/08\/oslokrem-6-1-768x512.jpg 768w, http:\/\/www.nogamobilya.com\/wp-content\/uploads\/2021\/08\/oslokrem-6-1-1536x1024.jpg 1536w, http:\/\/www.nogamobilya.com\/wp-content\/uploads\/2021\/08\/oslokrem-6-1.jpg 1575w\" sizes=\"auto, (max-width: 1024px) 100vw, 1024px\" \/>\t\t\t\t\t\t\t<\/a>\n\t\t\t\t\t\t\t\t\t\t<a href=\"http:\/\/www.nogamobilya.com\/wp-content\/uploads\/2021\/08\/oslokrem-6-1.jpg\" class=\"portfolio-enlarge\">View Large<\/a>\n\t\t\t<\/figure>\n\t\t\n\t\t<div class=\"portfolio-info\">\n\t\t\t\n\t\t\t\t\t\t\t<h3 class=\"entry-title\">\n\t\t\t\t\t<a href=\"http:\/\/www.nogamobilya.com\/index.php\/portfolio\/oslo-krem-yemek-odasi\/\" rel=\"bookmark\">Oslo Krem Yemek Odas\u0131<\/a>\n\t\t\t\t<\/h3>\n\t\t\t\n\t\t\t\t\t\t\t\t<ul class=\"proj-cats-list font-alt\">\n\t\t\t\t\t\t\t\t\t\t\t\t<li>Yemek Odalar\u0131<\/li>\n\t\t\t\t\t\t\t\t\t\t\t<\/ul>\n\t\t\t\t\t\t\t <\/div>\n\t <\/header>\n\n\t\t\t<div class=\"entry-summary\">\n\t\t\t\t\t<\/div><!-- .entry-summary -->\n\t\n<\/article><!-- #post -->\n\t\t\t\t\t\t\t\t\t\t\t\t\t\t\t\n<article id=\"post-2165\" class=\"portfolio-entry  col-sm-4 col-xs-12 portfolio-single masonry-item proj-cat-yemek-odalari post-2165 portfolio type-portfolio status-publish has-post-thumbnail hentry project-cat-yemek-odalari\">\n\t\t\t<header class=\"entry-header\">\n\t\t\t<figure class=\"entry-thumbnail\">\n\t\t\t\t\t\t\t\t\t\t\t\t<a href=\"http:\/\/www.nogamobilya.com\/index.php\/portfolio\/lima-yemek-odasi\/\" class=\"portfolio-thumbnail\">\n\t\t\t\t\t\t\t\t<img loading=\"lazy\" decoding=\"async\" width=\"1024\" height=\"683\" src=\"http:\/\/www.nogamobilya.com\/wp-content\/uploads\/2021\/08\/lima-11-1024x683.jpg\" class=\"attachment-large size-large wp-post-image\" alt=\"\" srcset=\"http:\/\/www.nogamobilya.com\/wp-content\/uploads\/2021\/08\/lima-11-1024x683.jpg 1024w, http:\/\/www.nogamobilya.com\/wp-content\/uploads\/2021\/08\/lima-11-300x200.jpg 300w, http:\/\/www.nogamobilya.com\/wp-content\/uploads\/2021\/08\/lima-11-768x512.jpg 768w, http:\/\/www.nogamobilya.com\/wp-content\/uploads\/2021\/08\/lima-11-1536x1024.jpg 1536w, http:\/\/www.nogamobilya.com\/wp-content\/uploads\/2021\/08\/lima-11.jpg 1575w\" sizes=\"auto, (max-width: 1024px) 100vw, 1024px\" \/>\t\t\t\t\t\t\t<\/a>\n\t\t\t\t\t\t\t\t\t\t<a href=\"http:\/\/www.nogamobilya.com\/wp-content\/uploads\/2021\/08\/lima-11.jpg\" class=\"portfolio-enlarge\">View Large<\/a>\n\t\t\t<\/figure>\n\t\t\n\t\t<div class=\"portfolio-info\">\n\t\t\t\n\t\t\t\t\t\t\t<h3 class=\"entry-title\">\n\t\t\t\t\t<a href=\"http:\/\/www.nogamobilya.com\/index.php\/portfolio\/lima-yemek-odasi\/\" rel=\"bookmark\">Lima Yemek Odas\u0131<\/a>\n\t\t\t\t<\/h3>\n\t\t\t\n\t\t\t\t\t\t\t\t<ul class=\"proj-cats-list font-alt\">\n\t\t\t\t\t\t\t\t\t\t\t\t<li>Yemek Odalar\u0131<\/li>\n\t\t\t\t\t\t\t\t\t\t\t<\/ul>\n\t\t\t\t\t\t\t <\/div>\n\t <\/header>\n\n\t\t\t<div class=\"entry-summary\">\n\t\t\t\t\t<\/div><!-- .entry-summary -->\n\t\n<\/article><!-- #post -->\n\t\t\t\t\t\t\t\t\t\t\t\t\t\t\t\n<article id=\"post-2126\" class=\"portfolio-entry  col-sm-4 col-xs-12 portfolio-single masonry-item proj-cat-yemek-odalari post-2126 portfolio type-portfolio status-publish has-post-thumbnail hentry project-cat-yemek-odalari\">\n\t\t\t<header class=\"entry-header\">\n\t\t\t<figure class=\"entry-thumbnail\">\n\t\t\t\t\t\t\t\t\t\t\t\t<a href=\"http:\/\/www.nogamobilya.com\/index.php\/portfolio\/pera-yemek-odasi\/\" class=\"portfolio-thumbnail\">\n\t\t\t\t\t\t\t\t<img loading=\"lazy\" decoding=\"async\" width=\"1024\" height=\"683\" src=\"http:\/\/www.nogamobilya.com\/wp-content\/uploads\/2021\/06\/urun-40-1-1024x683.jpg\" class=\"attachment-large size-large wp-post-image\" alt=\"\" srcset=\"http:\/\/www.nogamobilya.com\/wp-content\/uploads\/2021\/06\/urun-40-1-1024x683.jpg 1024w, http:\/\/www.nogamobilya.com\/wp-content\/uploads\/2021\/06\/urun-40-1-300x200.jpg 300w, http:\/\/www.nogamobilya.com\/wp-content\/uploads\/2021\/06\/urun-40-1-768x512.jpg 768w, http:\/\/www.nogamobilya.com\/wp-content\/uploads\/2021\/06\/urun-40-1-1536x1024.jpg 1536w, http:\/\/www.nogamobilya.com\/wp-content\/uploads\/2021\/06\/urun-40-1.jpg 1575w\" sizes=\"auto, (max-width: 1024px) 100vw, 1024px\" \/>\t\t\t\t\t\t\t<\/a>\n\t\t\t\t\t\t\t\t\t\t<a href=\"http:\/\/www.nogamobilya.com\/wp-content\/uploads\/2021\/06\/urun-40-1.jpg\" class=\"portfolio-enlarge\">View Large<\/a>\n\t\t\t<\/figure>\n\t\t\n\t\t<div class=\"portfolio-info\">\n\t\t\t\n\t\t\t\t\t\t\t<h3 class=\"entry-title\">\n\t\t\t\t\t<a href=\"http:\/\/www.nogamobilya.com\/index.php\/portfolio\/pera-yemek-odasi\/\" rel=\"bookmark\">Pera Yemek Odas\u0131<\/a>\n\t\t\t\t<\/h3>\n\t\t\t\n\t\t\t\t\t\t\t\t<ul class=\"proj-cats-list font-alt\">\n\t\t\t\t\t\t\t\t\t\t\t\t<li>Yemek Odalar\u0131<\/li>\n\t\t\t\t\t\t\t\t\t\t\t<\/ul>\n\t\t\t\t\t\t\t <\/div>\n\t <\/header>\n\n\t\t\t<div class=\"entry-summary\">\n\t\t\t\t\t<\/div><!-- .entry-summary -->\n\t\n<\/article><!-- #post -->\n\t\t\t\t\t\t\t\t\t\t\t\t\t\t\t\n<article id=\"post-2049\" class=\"portfolio-entry  col-sm-4 col-xs-12 portfolio-single masonry-item proj-cat-yemek-odalari post-2049 portfolio type-portfolio status-publish has-post-thumbnail hentry project-cat-yemek-odalari\">\n\t\t\t<header class=\"entry-header\">\n\t\t\t<figure class=\"entry-thumbnail\">\n\t\t\t\t\t\t\t\t\t\t\t\t<a href=\"http:\/\/www.nogamobilya.com\/index.php\/portfolio\/oslo-yemek-odasi\/\" class=\"portfolio-thumbnail\">\n\t\t\t\t\t\t\t\t<img loading=\"lazy\" decoding=\"async\" width=\"1024\" height=\"683\" src=\"http:\/\/www.nogamobilya.com\/wp-content\/uploads\/2021\/06\/urun-125-1-1024x683.jpg\" class=\"attachment-large size-large wp-post-image\" alt=\"\" srcset=\"http:\/\/www.nogamobilya.com\/wp-content\/uploads\/2021\/06\/urun-125-1-1024x683.jpg 1024w, http:\/\/www.nogamobilya.com\/wp-content\/uploads\/2021\/06\/urun-125-1-300x200.jpg 300w, http:\/\/www.nogamobilya.com\/wp-content\/uploads\/2021\/06\/urun-125-1-768x512.jpg 768w, http:\/\/www.nogamobilya.com\/wp-content\/uploads\/2021\/06\/urun-125-1-1536x1024.jpg 1536w, http:\/\/www.nogamobilya.com\/wp-content\/uploads\/2021\/06\/urun-125-1.jpg 1575w\" sizes=\"auto, (max-width: 1024px) 100vw, 1024px\" \/>\t\t\t\t\t\t\t<\/a>\n\t\t\t\t\t\t\t\t\t\t<a href=\"http:\/\/www.nogamobilya.com\/wp-content\/uploads\/2021\/06\/urun-125-1.jpg\" class=\"portfolio-enlarge\">View Large<\/a>\n\t\t\t<\/figure>\n\t\t\n\t\t<div class=\"portfolio-info\">\n\t\t\t\n\t\t\t\t\t\t\t<h3 class=\"entry-title\">\n\t\t\t\t\t<a href=\"http:\/\/www.nogamobilya.com\/index.php\/portfolio\/oslo-yemek-odasi\/\" rel=\"bookmark\">Oslo Antrasit Yemek Odas\u0131<\/a>\n\t\t\t\t<\/h3>\n\t\t\t\n\t\t\t\t\t\t\t\t<ul class=\"proj-cats-list font-alt\">\n\t\t\t\t\t\t\t\t\t\t\t\t<li>Yemek Odalar\u0131<\/li>\n\t\t\t\t\t\t\t\t\t\t\t<\/ul>\n\t\t\t\t\t\t\t <\/div>\n\t <\/header>\n\n\t\t\t<div class=\"entry-summary\">\n\t\t\t\t\t<\/div><!-- .entry-summary -->\n\t\n<\/article><!-- #post -->\n\t\t\t\t\t\t\t\t\t\t\t\t\t\t\t\n<article id=\"post-1760\" class=\"portfolio-entry  col-sm-4 col-xs-12 portfolio-single masonry-item proj-cat-yemek-odalari post-1760 portfolio type-portfolio status-publish has-post-thumbnail hentry project-cat-yemek-odalari\">\n\t\t\t<header class=\"entry-header\">\n\t\t\t<figure class=\"entry-thumbnail\">\n\t\t\t\t\t\t\t\t\t\t\t\t<a href=\"http:\/\/www.nogamobilya.com\/index.php\/portfolio\/palmira-yemek-odasi\/\" class=\"portfolio-thumbnail\">\n\t\t\t\t\t\t\t\t<img loading=\"lazy\" decoding=\"async\" width=\"1024\" height=\"683\" src=\"http:\/\/www.nogamobilya.com\/wp-content\/uploads\/2021\/06\/palmira-7-1024x683.jpg\" class=\"attachment-large size-large wp-post-image\" alt=\"\" srcset=\"http:\/\/www.nogamobilya.com\/wp-content\/uploads\/2021\/06\/palmira-7-1024x683.jpg 1024w, http:\/\/www.nogamobilya.com\/wp-content\/uploads\/2021\/06\/palmira-7-300x200.jpg 300w, http:\/\/www.nogamobilya.com\/wp-content\/uploads\/2021\/06\/palmira-7-768x512.jpg 768w, http:\/\/www.nogamobilya.com\/wp-content\/uploads\/2021\/06\/palmira-7-1536x1024.jpg 1536w, http:\/\/www.nogamobilya.com\/wp-content\/uploads\/2021\/06\/palmira-7.jpg 1575w\" sizes=\"auto, (max-width: 1024px) 100vw, 1024px\" \/>\t\t\t\t\t\t\t<\/a>\n\t\t\t\t\t\t\t\t\t\t<a href=\"http:\/\/www.nogamobilya.com\/wp-content\/uploads\/2021\/06\/palmira-7.jpg\" class=\"portfolio-enlarge\">View Large<\/a>\n\t\t\t<\/figure>\n\t\t\n\t\t<div class=\"portfolio-info\">\n\t\t\t\n\t\t\t\t\t\t\t<h3 class=\"entry-title\">\n\t\t\t\t\t<a href=\"http:\/\/www.nogamobilya.com\/index.php\/portfolio\/palmira-yemek-odasi\/\" rel=\"bookmark\">Palmira Yemek Odas\u0131<\/a>\n\t\t\t\t<\/h3>\n\t\t\t\n\t\t\t\t\t\t\t\t<ul class=\"proj-cats-list font-alt\">\n\t\t\t\t\t\t\t\t\t\t\t\t<li>Yemek Odalar\u0131<\/li>\n\t\t\t\t\t\t\t\t\t\t\t<\/ul>\n\t\t\t\t\t\t\t <\/div>\n\t <\/header>\n\n\t\t\t<div class=\"entry-summary\">\n\t\t\t\t\t<\/div><!-- .entry-summary -->\n\t\n<\/article><!-- #post -->\n\t\t\t\t\t\t\t\t\t\t\t\t\t\t\t\n<article id=\"post-1631\" class=\"portfolio-entry  col-sm-4 col-xs-12 portfolio-single masonry-item proj-cat-yemek-odalari post-1631 portfolio type-portfolio status-publish has-post-thumbnail hentry project-cat-yemek-odalari\">\n\t\t\t<header class=\"entry-header\">\n\t\t\t<figure class=\"entry-thumbnail\">\n\t\t\t\t\t\t\t\t\t\t\t\t<a href=\"http:\/\/www.nogamobilya.com\/index.php\/portfolio\/magnum-yemek-odasi\/\" class=\"portfolio-thumbnail\">\n\t\t\t\t\t\t\t\t<img loading=\"lazy\" decoding=\"async\" width=\"1024\" height=\"683\" src=\"http:\/\/www.nogamobilya.com\/wp-content\/uploads\/2021\/02\/magnum-yemek-odasi-8-1024x683.jpg\" class=\"attachment-large size-large wp-post-image\" alt=\"\" srcset=\"http:\/\/www.nogamobilya.com\/wp-content\/uploads\/2021\/02\/magnum-yemek-odasi-8-1024x683.jpg 1024w, http:\/\/www.nogamobilya.com\/wp-content\/uploads\/2021\/02\/magnum-yemek-odasi-8-300x200.jpg 300w, http:\/\/www.nogamobilya.com\/wp-content\/uploads\/2021\/02\/magnum-yemek-odasi-8-768x512.jpg 768w, http:\/\/www.nogamobilya.com\/wp-content\/uploads\/2021\/02\/magnum-yemek-odasi-8-1536x1024.jpg 1536w, http:\/\/www.nogamobilya.com\/wp-content\/uploads\/2021\/02\/magnum-yemek-odasi-8.jpg 1575w\" sizes=\"auto, (max-width: 1024px) 100vw, 1024px\" \/>\t\t\t\t\t\t\t<\/a>\n\t\t\t\t\t\t\t\t\t\t<a href=\"http:\/\/www.nogamobilya.com\/wp-content\/uploads\/2021\/02\/magnum-yemek-odasi-8.jpg\" class=\"portfolio-enlarge\">View Large<\/a>\n\t\t\t<\/figure>\n\t\t\n\t\t<div class=\"portfolio-info\">\n\t\t\t\n\t\t\t\t\t\t\t<h3 class=\"entry-title\">\n\t\t\t\t\t<a href=\"http:\/\/www.nogamobilya.com\/index.php\/portfolio\/magnum-yemek-odasi\/\" rel=\"bookmark\">Magnum Yemek Odas\u0131<\/a>\n\t\t\t\t<\/h3>\n\t\t\t\n\t\t\t\t\t\t\t\t<ul class=\"proj-cats-list font-alt\">\n\t\t\t\t\t\t\t\t\t\t\t\t<li>Yemek Odalar\u0131<\/li>\n\t\t\t\t\t\t\t\t\t\t\t<\/ul>\n\t\t\t\t\t\t\t <\/div>\n\t <\/header>\n\n\t\t\t<div class=\"entry-summary\">\n\t\t\t\t\t<\/div><!-- .entry-summary -->\n\t\n<\/article><!-- #post -->\n\t\t\t\t\t\t\t\n\t\t\t\t\t\t\t\t\t\t\t\t<\/div>\n\t\t\t\t\t\t<\/div>\n\n\t\t\t\t\t\t<div class=\"vc_row-full-width\"><\/div>\n\n\t\t\t\t\t\t\t\t\t\t\t\n\t\t\t\t\n\t\t\t\t\t\t<\/div><!-- .site-content -->\n\t\t\t\t\t[\/vc_column][\/vc_row]<\/p>\n","protected":false},"excerpt":{"rendered":"<p>[vc_row][vc_column][\/vc_column][\/vc_row]<\/p>\n","protected":false},"author":1,"featured_media":0,"parent":0,"menu_order":0,"comment_status":"closed","ping_status":"closed","template":"","meta":{"footnotes":""},"class_list":["post-1633","page","type-page","status-publish","hentry"],"yoast_head":"<!-- This site is optimized with the Yoast SEO plugin v17.4 - https:\/\/yoast.com\/wordpress\/plugins\/seo\/ -->\n<title>Yemek Odalar\u0131 - Noga Mobilya<\/title>\n<meta name=\"description\" content=\"Noga Mobilya, Bursa \u0130neg\u00f6l`den t\u00fcm d\u00fcnyaya kaliteli mobilya \u00fcretimi ve sat\u0131\u015f\u0131 yapan, uygun fiyatl\u0131 mobilya markas\u0131d\u0131r.\" \/>\n<meta name=\"robots\" content=\"index, follow, max-snippet:-1, max-image-preview:large, max-video-preview:-1\" \/>\n<link rel=\"canonical\" href=\"http:\/\/www.nogamobilya.com\/index.php\/yemek-odalari\/\" \/>\n<meta property=\"og:locale\" content=\"tr_TR\" \/>\n<meta property=\"og:type\" content=\"article\" \/>\n<meta property=\"og:title\" content=\"Yemek Odalar\u0131 - Noga Mobilya\" \/>\n<meta property=\"og:description\" content=\"Noga Mobilya, Bursa \u0130neg\u00f6l`den t\u00fcm d\u00fcnyaya kaliteli mobilya \u00fcretimi ve sat\u0131\u015f\u0131 yapan, uygun fiyatl\u0131 mobilya markas\u0131d\u0131r.\" \/>\n<meta property=\"og:url\" content=\"http:\/\/www.nogamobilya.com\/index.php\/yemek-odalari\/\" \/>\n<meta property=\"og:site_name\" content=\"Noga Mobilya\" \/>\n<meta property=\"article:modified_time\" content=\"2021-02-26T12:53:41+00:00\" \/>\n<meta name=\"twitter:card\" content=\"summary_large_image\" \/>\n<script type=\"application\/ld+json\" class=\"yoast-schema-graph\">{\"@context\":\"https:\/\/schema.org\",\"@graph\":[{\"@type\":\"Organization\",\"@id\":\"https:\/\/www.nogamobilya.com\/#organization\",\"name\":\"Noga Mobilya\",\"url\":\"https:\/\/www.nogamobilya.com\/\",\"sameAs\":[],\"logo\":{\"@type\":\"ImageObject\",\"@id\":\"https:\/\/www.nogamobilya.com\/#logo\",\"inLanguage\":\"tr\",\"url\":\"https:\/\/www.nogamobilya.com\/wp-content\/uploads\/2021\/04\/noga-logo.png\",\"contentUrl\":\"https:\/\/www.nogamobilya.com\/wp-content\/uploads\/2021\/04\/noga-logo.png\",\"width\":330,\"height\":80,\"caption\":\"Noga Mobilya\"},\"image\":{\"@id\":\"https:\/\/www.nogamobilya.com\/#logo\"}},{\"@type\":\"WebSite\",\"@id\":\"https:\/\/www.nogamobilya.com\/#website\",\"url\":\"https:\/\/www.nogamobilya.com\/\",\"name\":\"Noga Mobilya\",\"description\":\"modern design\",\"publisher\":{\"@id\":\"https:\/\/www.nogamobilya.com\/#organization\"},\"potentialAction\":[{\"@type\":\"SearchAction\",\"target\":{\"@type\":\"EntryPoint\",\"urlTemplate\":\"https:\/\/www.nogamobilya.com\/?s={search_term_string}\"},\"query-input\":\"required name=search_term_string\"}],\"inLanguage\":\"tr\"},{\"@type\":\"WebPage\",\"@id\":\"http:\/\/www.nogamobilya.com\/index.php\/yemek-odalari\/#webpage\",\"url\":\"http:\/\/www.nogamobilya.com\/index.php\/yemek-odalari\/\",\"name\":\"Yemek Odalar\\u0131 - Noga Mobilya\",\"isPartOf\":{\"@id\":\"https:\/\/www.nogamobilya.com\/#website\"},\"datePublished\":\"2021-02-26T12:52:28+00:00\",\"dateModified\":\"2021-02-26T12:53:41+00:00\",\"description\":\"Noga Mobilya, Bursa \\u0130neg\\u00f6l`den t\\u00fcm d\\u00fcnyaya kaliteli mobilya \\u00fcretimi ve sat\\u0131\\u015f\\u0131 yapan, uygun fiyatl\\u0131 mobilya markas\\u0131d\\u0131r.\",\"breadcrumb\":{\"@id\":\"http:\/\/www.nogamobilya.com\/index.php\/yemek-odalari\/#breadcrumb\"},\"inLanguage\":\"tr\",\"potentialAction\":[{\"@type\":\"ReadAction\",\"target\":[\"http:\/\/www.nogamobilya.com\/index.php\/yemek-odalari\/\"]}]},{\"@type\":\"BreadcrumbList\",\"@id\":\"http:\/\/www.nogamobilya.com\/index.php\/yemek-odalari\/#breadcrumb\",\"itemListElement\":[{\"@type\":\"ListItem\",\"position\":1,\"name\":\"Anasayfa\",\"item\":\"https:\/\/www.nogamobilya.com\/\"},{\"@type\":\"ListItem\",\"position\":2,\"name\":\"Yemek Odalar\\u0131\"}]}]}<\/script>\n<!-- \/ Yoast SEO plugin. -->","yoast_head_json":{"title":"Yemek Odalar\u0131 - Noga Mobilya","description":"Noga Mobilya, Bursa \u0130neg\u00f6l`den t\u00fcm d\u00fcnyaya kaliteli mobilya \u00fcretimi ve sat\u0131\u015f\u0131 yapan, uygun fiyatl\u0131 mobilya markas\u0131d\u0131r.","robots":{"index":"index","follow":"follow","max-snippet":"max-snippet:-1","max-image-preview":"max-image-preview:large","max-video-preview":"max-video-preview:-1"},"canonical":"http:\/\/www.nogamobilya.com\/index.php\/yemek-odalari\/","og_locale":"tr_TR","og_type":"article","og_title":"Yemek Odalar\u0131 - Noga Mobilya","og_description":"Noga Mobilya, Bursa \u0130neg\u00f6l`den t\u00fcm d\u00fcnyaya kaliteli mobilya \u00fcretimi ve sat\u0131\u015f\u0131 yapan, uygun fiyatl\u0131 mobilya markas\u0131d\u0131r.","og_url":"http:\/\/www.nogamobilya.com\/index.php\/yemek-odalari\/","og_site_name":"Noga Mobilya","article_modified_time":"2021-02-26T12:53:41+00:00","twitter_card":"summary_large_image","schema":{"@context":"https:\/\/schema.org","@graph":[{"@type":"Organization","@id":"https:\/\/www.nogamobilya.com\/#organization","name":"Noga Mobilya","url":"https:\/\/www.nogamobilya.com\/","sameAs":[],"logo":{"@type":"ImageObject","@id":"https:\/\/www.nogamobilya.com\/#logo","inLanguage":"tr","url":"https:\/\/www.nogamobilya.com\/wp-content\/uploads\/2021\/04\/noga-logo.png","contentUrl":"https:\/\/www.nogamobilya.com\/wp-content\/uploads\/2021\/04\/noga-logo.png","width":330,"height":80,"caption":"Noga Mobilya"},"image":{"@id":"https:\/\/www.nogamobilya.com\/#logo"}},{"@type":"WebSite","@id":"https:\/\/www.nogamobilya.com\/#website","url":"https:\/\/www.nogamobilya.com\/","name":"Noga Mobilya","description":"modern design","publisher":{"@id":"https:\/\/www.nogamobilya.com\/#organization"},"potentialAction":[{"@type":"SearchAction","target":{"@type":"EntryPoint","urlTemplate":"https:\/\/www.nogamobilya.com\/?s={search_term_string}"},"query-input":"required name=search_term_string"}],"inLanguage":"tr"},{"@type":"WebPage","@id":"http:\/\/www.nogamobilya.com\/index.php\/yemek-odalari\/#webpage","url":"http:\/\/www.nogamobilya.com\/index.php\/yemek-odalari\/","name":"Yemek Odalar\u0131 - Noga Mobilya","isPartOf":{"@id":"https:\/\/www.nogamobilya.com\/#website"},"datePublished":"2021-02-26T12:52:28+00:00","dateModified":"2021-02-26T12:53:41+00:00","description":"Noga Mobilya, Bursa \u0130neg\u00f6l`den t\u00fcm d\u00fcnyaya kaliteli mobilya \u00fcretimi ve sat\u0131\u015f\u0131 yapan, uygun fiyatl\u0131 mobilya markas\u0131d\u0131r.","breadcrumb":{"@id":"http:\/\/www.nogamobilya.com\/index.php\/yemek-odalari\/#breadcrumb"},"inLanguage":"tr","potentialAction":[{"@type":"ReadAction","target":["http:\/\/www.nogamobilya.com\/index.php\/yemek-odalari\/"]}]},{"@type":"BreadcrumbList","@id":"http:\/\/www.nogamobilya.com\/index.php\/yemek-odalari\/#breadcrumb","itemListElement":[{"@type":"ListItem","position":1,"name":"Anasayfa","item":"https:\/\/www.nogamobilya.com\/"},{"@type":"ListItem","position":2,"name":"Yemek Odalar\u0131"}]}]}},"_links":{"self":[{"href":"http:\/\/www.nogamobilya.com\/index.php\/wp-json\/wp\/v2\/pages\/1633","targetHints":{"allow":["GET"]}}],"collection":[{"href":"http:\/\/www.nogamobilya.com\/index.php\/wp-json\/wp\/v2\/pages"}],"about":[{"href":"http:\/\/www.nogamobilya.com\/index.php\/wp-json\/wp\/v2\/types\/page"}],"author":[{"embeddable":true,"href":"http:\/\/www.nogamobilya.com\/index.php\/wp-json\/wp\/v2\/users\/1"}],"replies":[{"embeddable":true,"href":"http:\/\/www.nogamobilya.com\/index.php\/wp-json\/wp\/v2\/comments?post=1633"}],"version-history":[{"count":2,"href":"http:\/\/www.nogamobilya.com\/index.php\/wp-json\/wp\/v2\/pages\/1633\/revisions"}],"predecessor-version":[{"id":1639,"href":"http:\/\/www.nogamobilya.com\/index.php\/wp-json\/wp\/v2\/pages\/1633\/revisions\/1639"}],"wp:attachment":[{"href":"http:\/\/www.nogamobilya.com\/index.php\/wp-json\/wp\/v2\/media?parent=1633"}],"curies":[{"name":"wp","href":"https:\/\/api.w.org\/{rel}","templated":true}]}}