{"id":2264,"date":"2021-08-26T15:01:28","date_gmt":"2021-08-26T12:01:28","guid":{"rendered":"http:\/\/www.nogamobilya.com\/?page_id=2264"},"modified":"2021-08-26T15:59:11","modified_gmt":"2021-08-26T12:59:11","slug":"magaza","status":"publish","type":"page","link":"http:\/\/www.nogamobilya.com\/index.php\/magaza\/","title":{"rendered":"Ma\u011faza"},"content":{"rendered":"<p>[vc_row css=&#8221;.vc_custom_1629982714259{margin-top: -40px !important;}&#8221;][vc_column]\n\t\t\t<!-- START Homebase REVOLUTION SLIDER 6.3.9 --><p class=\"rs-p-wp-fix\"><\/p>\n\t\t\t<rs-module-wrap id=\"rev_slider_1_1_wrapper\" data-source=\"gallery\" style=\"background:#f7f7f7;padding:0;margin:0px auto;margin-top:0;margin-bottom:0;\">\n\t\t\t\t<rs-module id=\"rev_slider_1_1\" style=\"\" data-version=\"6.3.9\">\n\t\t\t\t\t<rs-slides>\n\t\t\t\t\t\t<rs-slide data-key=\"rs-97\" data-title=\"Slide\" data-anim=\"ei:d;eo:d;s:1000;r:0;t:fade;sl:0;\">\n\t\t\t\t\t\t\t<img decoding=\"async\" src=\"\/\/www.nogamobilya.com\/wp-content\/plugins\/revslider\/public\/assets\/assets\/transparent.png\" title=\"Ma\u011faza\" data-parallax=\"off\" class=\"rev-slidebg\" data-no-retina>\n\t\t\t\t\t\t\t<rs-bgvideo \n\t\t\t\t\t\t\t\tdata-video=\"w:100%;h:100%;nse:false;l:true;ptimer:false;\"\n\t\t\t\t\t\t\t\tdata-mp4=\"\/\/www.nogamobilya.com\/wp-content\/uploads\/2021\/08\/Sequence-01_1.mp4\"\n\t\t\t\t\t\t\t><\/rs-bgvideo>\n<!---->\t\t\t\t\t\t<\/rs-slide>\n\t\t\t\t\t<\/rs-slides>\n\t\t\t\t<\/rs-module>\n\t\t\t\t<script type=\"text\/javascript\">\n\t\t\t\t\tsetREVStartSize({c: 'rev_slider_1_1',rl:[1240,1024,778,480],el:[600,550,600,500],gw:[1200,1024,778,480],gh:[600,550,600,500],type:'standard',justify:'',layout:'fullwidth',mh:\"0\"});\n\t\t\t\t\tvar\trevapi1,\n\t\t\t\t\t\ttpj;\n\t\t\t\t\tfunction revinit_revslider11() {\n\t\t\t\t\tjQuery(function() {\n\t\t\t\t\t\ttpj = jQuery;\n\t\t\t\t\t\trevapi1 = tpj(\"#rev_slider_1_1\");\n\t\t\t\t\t\ttpj.noConflict();\n\t\t\t\t\t\tif(revapi1==undefined || revapi1.revolution == undefined){\n\t\t\t\t\t\t\trevslider_showDoubleJqueryError(\"rev_slider_1_1\");\n\t\t\t\t\t\t}else{\n\t\t\t\t\t\t\trevapi1.revolution({\n\t\t\t\t\t\t\t\tsliderLayout:\"fullwidth\",\n\t\t\t\t\t\t\t\tvisibilityLevels:\"1240,1024,778,480\",\n\t\t\t\t\t\t\t\tgridwidth:\"1200,1024,778,480\",\n\t\t\t\t\t\t\t\tgridheight:\"600,550,600,500\",\n\t\t\t\t\t\t\t\tspinner:\"spinner4\",\n\t\t\t\t\t\t\t\tperspective:600,\n\t\t\t\t\t\t\t\tperspectiveType:\"local\",\n\t\t\t\t\t\t\t\teditorheight:\"600,550,600,500\",\n\t\t\t\t\t\t\t\tresponsiveLevels:\"1240,1024,778,480\",\n\t\t\t\t\t\t\t\tprogressBar:{disableProgressBar:true},\n\t\t\t\t\t\t\t\tnavigation: {\n\t\t\t\t\t\t\t\t\tmouseScrollNavigation:false,\n\t\t\t\t\t\t\t\t\twheelCallDelay:1000,\n\t\t\t\t\t\t\t\t\ttouch: {\n\t\t\t\t\t\t\t\t\t\ttouchenabled:true\n\t\t\t\t\t\t\t\t\t}\n\t\t\t\t\t\t\t\t},\n\t\t\t\t\t\t\t\tparallax: {\n\t\t\t\t\t\t\t\t\tlevels:[1,3,5,20,25,30,35,40,45,50,47,48,49,50,51,55],\n\t\t\t\t\t\t\t\t\ttype:\"mouse\",\n\t\t\t\t\t\t\t\t\torigo:\"slidercenter\",\n\t\t\t\t\t\t\t\t\tdisable_onmobile:true\n\t\t\t\t\t\t\t\t},\n\t\t\t\t\t\t\t\tfallbacks: {\n\t\t\t\t\t\t\t\t\tallowHTML5AutoPlayOnAndroid:true\n\t\t\t\t\t\t\t\t},\n\t\t\t\t\t\t\t});\n\t\t\t\t\t\t}\n\t\t\t\t\t\t\n\t\t\t\t\t});\n\t\t\t\t\t} \/\/ End of RevInitScript\n\t\t\t\tvar once_revslider11 = false;\n\t\t\t\tif (document.readyState === \"loading\") {document.addEventListener('readystatechange',function() { if((document.readyState === \"interactive\" || document.readyState === \"complete\") && !once_revslider11 ) { once_revslider11 = true; revinit_revslider11();}});} else {once_revslider11 = true; revinit_revslider11();}\n\t\t\t\t<\/script>\n\t\t\t\t<script>\n\t\t\t\t\tvar htmlDivCss = '\t#rev_slider_1_1_wrapper rs-loader.spinner4 div { background-color: #FFFFFF !important; } ';\n\t\t\t\t\tvar htmlDiv = document.getElementById('rs-plugin-settings-inline-css');\n\t\t\t\t\tif(htmlDiv) {\n\t\t\t\t\t\thtmlDiv.innerHTML = htmlDiv.innerHTML + htmlDivCss;\n\t\t\t\t\t}else{\n\t\t\t\t\t\tvar htmlDiv = document.createElement('div');\n\t\t\t\t\t\thtmlDiv.innerHTML = '<style>' + htmlDivCss + '<\/style>';\n\t\t\t\t\t\tdocument.getElementsByTagName('head')[0].appendChild(htmlDiv.childNodes[0]);\n\t\t\t\t\t}\n\t\t\t\t<\/script>\n\t\t\t<\/rs-module-wrap>\n\t\t\t<!-- END REVOLUTION SLIDER -->\n[\/vc_column][\/vc_row]<\/p>\n","protected":false},"excerpt":{"rendered":"<p>[vc_row css=&#8221;.vc_custom_1629982714259{margin-top: -40px !important;}&#8221;][vc_column][\/vc_column][\/vc_row]<\/p>\n","protected":false},"author":1,"featured_media":0,"parent":0,"menu_order":0,"comment_status":"closed","ping_status":"closed","template":"","meta":{"footnotes":""},"class_list":["post-2264","page","type-page","status-publish","hentry"],"yoast_head":"<!-- This site is optimized with the Yoast SEO plugin v17.4 - https:\/\/yoast.com\/wordpress\/plugins\/seo\/ -->\n<title>Ma\u011faza - Noga Mobilya<\/title>\n<meta name=\"description\" content=\"Noga Mobilya, Bursa \u0130neg\u00f6l`den t\u00fcm d\u00fcnyaya kaliteli mobilya \u00fcretimi ve sat\u0131\u015f\u0131 yapan, uygun fiyatl\u0131 mobilya markas\u0131d\u0131r.\" \/>\n<meta name=\"robots\" content=\"index, follow, max-snippet:-1, max-image-preview:large, max-video-preview:-1\" \/>\n<link rel=\"canonical\" href=\"http:\/\/www.nogamobilya.com\/index.php\/magaza\/\" \/>\n<meta property=\"og:locale\" content=\"tr_TR\" \/>\n<meta property=\"og:type\" content=\"article\" \/>\n<meta property=\"og:title\" content=\"Ma\u011faza - Noga Mobilya\" \/>\n<meta property=\"og:description\" content=\"Noga Mobilya, Bursa \u0130neg\u00f6l`den t\u00fcm d\u00fcnyaya kaliteli mobilya \u00fcretimi ve sat\u0131\u015f\u0131 yapan, uygun fiyatl\u0131 mobilya markas\u0131d\u0131r.\" \/>\n<meta property=\"og:url\" content=\"http:\/\/www.nogamobilya.com\/index.php\/magaza\/\" \/>\n<meta property=\"og:site_name\" content=\"Noga Mobilya\" \/>\n<meta property=\"article:modified_time\" content=\"2021-08-26T12:59:11+00:00\" \/>\n<meta name=\"twitter:card\" content=\"summary_large_image\" \/>\n<script type=\"application\/ld+json\" class=\"yoast-schema-graph\">{\"@context\":\"https:\/\/schema.org\",\"@graph\":[{\"@type\":\"Organization\",\"@id\":\"https:\/\/www.nogamobilya.com\/#organization\",\"name\":\"Noga Mobilya\",\"url\":\"https:\/\/www.nogamobilya.com\/\",\"sameAs\":[],\"logo\":{\"@type\":\"ImageObject\",\"@id\":\"https:\/\/www.nogamobilya.com\/#logo\",\"inLanguage\":\"tr\",\"url\":\"https:\/\/www.nogamobilya.com\/wp-content\/uploads\/2021\/04\/noga-logo.png\",\"contentUrl\":\"https:\/\/www.nogamobilya.com\/wp-content\/uploads\/2021\/04\/noga-logo.png\",\"width\":330,\"height\":80,\"caption\":\"Noga Mobilya\"},\"image\":{\"@id\":\"https:\/\/www.nogamobilya.com\/#logo\"}},{\"@type\":\"WebSite\",\"@id\":\"https:\/\/www.nogamobilya.com\/#website\",\"url\":\"https:\/\/www.nogamobilya.com\/\",\"name\":\"Noga Mobilya\",\"description\":\"modern design\",\"publisher\":{\"@id\":\"https:\/\/www.nogamobilya.com\/#organization\"},\"potentialAction\":[{\"@type\":\"SearchAction\",\"target\":{\"@type\":\"EntryPoint\",\"urlTemplate\":\"https:\/\/www.nogamobilya.com\/?s={search_term_string}\"},\"query-input\":\"required name=search_term_string\"}],\"inLanguage\":\"tr\"},{\"@type\":\"WebPage\",\"@id\":\"http:\/\/www.nogamobilya.com\/index.php\/magaza\/#webpage\",\"url\":\"http:\/\/www.nogamobilya.com\/index.php\/magaza\/\",\"name\":\"Ma\\u011faza - Noga Mobilya\",\"isPartOf\":{\"@id\":\"https:\/\/www.nogamobilya.com\/#website\"},\"datePublished\":\"2021-08-26T12:01:28+00:00\",\"dateModified\":\"2021-08-26T12:59:11+00:00\",\"description\":\"Noga Mobilya, Bursa \\u0130neg\\u00f6l`den t\\u00fcm d\\u00fcnyaya kaliteli mobilya \\u00fcretimi ve sat\\u0131\\u015f\\u0131 yapan, uygun fiyatl\\u0131 mobilya markas\\u0131d\\u0131r.\",\"breadcrumb\":{\"@id\":\"http:\/\/www.nogamobilya.com\/index.php\/magaza\/#breadcrumb\"},\"inLanguage\":\"tr\",\"potentialAction\":[{\"@type\":\"ReadAction\",\"target\":[\"http:\/\/www.nogamobilya.com\/index.php\/magaza\/\"]}]},{\"@type\":\"BreadcrumbList\",\"@id\":\"http:\/\/www.nogamobilya.com\/index.php\/magaza\/#breadcrumb\",\"itemListElement\":[{\"@type\":\"ListItem\",\"position\":1,\"name\":\"Anasayfa\",\"item\":\"https:\/\/www.nogamobilya.com\/\"},{\"@type\":\"ListItem\",\"position\":2,\"name\":\"Ma\\u011faza\"}]}]}<\/script>\n<!-- \/ Yoast SEO plugin. -->","yoast_head_json":{"title":"Ma\u011faza - Noga Mobilya","description":"Noga Mobilya, Bursa \u0130neg\u00f6l`den t\u00fcm d\u00fcnyaya kaliteli mobilya \u00fcretimi ve sat\u0131\u015f\u0131 yapan, uygun fiyatl\u0131 mobilya markas\u0131d\u0131r.","robots":{"index":"index","follow":"follow","max-snippet":"max-snippet:-1","max-image-preview":"max-image-preview:large","max-video-preview":"max-video-preview:-1"},"canonical":"http:\/\/www.nogamobilya.com\/index.php\/magaza\/","og_locale":"tr_TR","og_type":"article","og_title":"Ma\u011faza - Noga Mobilya","og_description":"Noga Mobilya, Bursa \u0130neg\u00f6l`den t\u00fcm d\u00fcnyaya kaliteli mobilya \u00fcretimi ve sat\u0131\u015f\u0131 yapan, uygun fiyatl\u0131 mobilya markas\u0131d\u0131r.","og_url":"http:\/\/www.nogamobilya.com\/index.php\/magaza\/","og_site_name":"Noga Mobilya","article_modified_time":"2021-08-26T12:59:11+00:00","twitter_card":"summary_large_image","schema":{"@context":"https:\/\/schema.org","@graph":[{"@type":"Organization","@id":"https:\/\/www.nogamobilya.com\/#organization","name":"Noga Mobilya","url":"https:\/\/www.nogamobilya.com\/","sameAs":[],"logo":{"@type":"ImageObject","@id":"https:\/\/www.nogamobilya.com\/#logo","inLanguage":"tr","url":"https:\/\/www.nogamobilya.com\/wp-content\/uploads\/2021\/04\/noga-logo.png","contentUrl":"https:\/\/www.nogamobilya.com\/wp-content\/uploads\/2021\/04\/noga-logo.png","width":330,"height":80,"caption":"Noga Mobilya"},"image":{"@id":"https:\/\/www.nogamobilya.com\/#logo"}},{"@type":"WebSite","@id":"https:\/\/www.nogamobilya.com\/#website","url":"https:\/\/www.nogamobilya.com\/","name":"Noga Mobilya","description":"modern design","publisher":{"@id":"https:\/\/www.nogamobilya.com\/#organization"},"potentialAction":[{"@type":"SearchAction","target":{"@type":"EntryPoint","urlTemplate":"https:\/\/www.nogamobilya.com\/?s={search_term_string}"},"query-input":"required name=search_term_string"}],"inLanguage":"tr"},{"@type":"WebPage","@id":"http:\/\/www.nogamobilya.com\/index.php\/magaza\/#webpage","url":"http:\/\/www.nogamobilya.com\/index.php\/magaza\/","name":"Ma\u011faza - Noga Mobilya","isPartOf":{"@id":"https:\/\/www.nogamobilya.com\/#website"},"datePublished":"2021-08-26T12:01:28+00:00","dateModified":"2021-08-26T12:59:11+00:00","description":"Noga Mobilya, Bursa \u0130neg\u00f6l`den t\u00fcm d\u00fcnyaya kaliteli mobilya \u00fcretimi ve sat\u0131\u015f\u0131 yapan, uygun fiyatl\u0131 mobilya markas\u0131d\u0131r.","breadcrumb":{"@id":"http:\/\/www.nogamobilya.com\/index.php\/magaza\/#breadcrumb"},"inLanguage":"tr","potentialAction":[{"@type":"ReadAction","target":["http:\/\/www.nogamobilya.com\/index.php\/magaza\/"]}]},{"@type":"BreadcrumbList","@id":"http:\/\/www.nogamobilya.com\/index.php\/magaza\/#breadcrumb","itemListElement":[{"@type":"ListItem","position":1,"name":"Anasayfa","item":"https:\/\/www.nogamobilya.com\/"},{"@type":"ListItem","position":2,"name":"Ma\u011faza"}]}]}},"_links":{"self":[{"href":"http:\/\/www.nogamobilya.com\/index.php\/wp-json\/wp\/v2\/pages\/2264","targetHints":{"allow":["GET"]}}],"collection":[{"href":"http:\/\/www.nogamobilya.com\/index.php\/wp-json\/wp\/v2\/pages"}],"about":[{"href":"http:\/\/www.nogamobilya.com\/index.php\/wp-json\/wp\/v2\/types\/page"}],"author":[{"embeddable":true,"href":"http:\/\/www.nogamobilya.com\/index.php\/wp-json\/wp\/v2\/users\/1"}],"replies":[{"embeddable":true,"href":"http:\/\/www.nogamobilya.com\/index.php\/wp-json\/wp\/v2\/comments?post=2264"}],"version-history":[{"count":4,"href":"http:\/\/www.nogamobilya.com\/index.php\/wp-json\/wp\/v2\/pages\/2264\/revisions"}],"predecessor-version":[{"id":2272,"href":"http:\/\/www.nogamobilya.com\/index.php\/wp-json\/wp\/v2\/pages\/2264\/revisions\/2272"}],"wp:attachment":[{"href":"http:\/\/www.nogamobilya.com\/index.php\/wp-json\/wp\/v2\/media?parent=2264"}],"curies":[{"name":"wp","href":"https:\/\/api.w.org\/{rel}","templated":true}]}}