{"id":1597,"date":"2021-02-18T14:06:11","date_gmt":"2021-02-18T11:06:11","guid":{"rendered":"http:\/\/www.nogamobilya.com\/?page_id=1597"},"modified":"2021-04-12T15:53:14","modified_gmt":"2021-04-12T12:53:14","slug":"iletisim","status":"publish","type":"page","link":"https:\/\/www.nogamobilya.com\/index.php\/iletisim\/","title":{"rendered":"\u0130leti\u015fim"},"content":{"rendered":"<p>[vc_row][vc_column][vc_column_text]<\/p>\n<h1 style=\"font-family: Playfair Display; text-align: left;\"><strong>\u0130leti\u015fim<\/strong><\/h1>\n<p>[\/vc_column_text][vc_gmaps link=&#8221;#E-8_JTNDaWZyYW1lJTIwc3JjJTNEJTIyaHR0cHMlM0ElMkYlMkZ3d3cuZ29vZ2xlLmNvbSUyRm1hcHMlMkZlbWJlZCUzRnBiJTNEJTIxMW0xOCUyMTFtMTIlMjExbTMlMjExZDMwNTEuMTAyMTU0MDc1MDMzNSUyMTJkMjkuNDQyMzk0NjUxMjMzODklMjEzZDQwLjExNzcyNjg4MTU5MjA5JTIxMm0zJTIxMWYwJTIxMmYwJTIxM2YwJTIxM20yJTIxMWkxMDI0JTIxMmk3NjglMjE0ZjEzLjElMjEzbTMlMjExbTIlMjExczB4MTRjYmNiMWZjYTYwNWNkZiUyNTNBMHg5MTRlMDBhNzVkYzk4Y2NiJTIxMnNNb2JpbGl5dW0lMjUyME1vYmlseWElMjUyMEFWTSUyMTVlMCUyMTNtMiUyMTFzdHIlMjEyc3RyJTIxNHYxNjE4MjMxMjIxNzEyJTIxNW0yJTIxMXN0ciUyMTJzdHIlMjIlMjB3aWR0aCUzRCUyMjYwMCUyMiUyMGhlaWdodCUzRCUyMjQ1MCUyMiUyMHN0eWxlJTNEJTIyYm9yZGVyJTNBMCUzQiUyMCUyMGZpbHRlciUzQSUyMGdyYXlzY2FsZSUyODEwMCUyNSUyOSUzQiUyMiUyMGFsbG93ZnVsbHNjcmVlbiUzRCUyMiUyMiUyMGxvYWRpbmclM0QlMjJsYXp5JTIyJTNFJTNDJTJGaWZyYW1lJTNF&#8221;][vc_row_inner content_placement=&#8221;middle&#8221;][vc_column_inner width=&#8221;2\/3&#8243;][vc_column_text]<\/p>\n<table style=\"height: 187px;\" width=\"277\">\n<tbody>\n<tr>\n<td style=\"text-align: center;\">Adres:<\/td>\n<td style=\"text-align: center;\">Mobiliyum A Etap No\/25 \u0130neg\u00f6l\/Bursa<\/td>\n<\/tr>\n<tr>\n<td style=\"text-align: center;\">Mail:<\/td>\n<td style=\"text-align: center;\">info@nogamobilya.com<\/td>\n<\/tr>\n<tr>\n<td style=\"text-align: center;\">Tel:<\/td>\n<td style=\"text-align: center;\">+90 (543) 312 64 84<\/td>\n<\/tr>\n<\/tbody>\n<\/table>\n<p>[\/vc_column_text][\/vc_column_inner][vc_column_inner width=&#8221;1\/3&#8243;][vc_column_text]<\/p>\n<h1 style=\"font-family: Playfair Display; text-align: center;\"><strong>\u0130leti\u015fim Adresi<\/strong><\/h1>\n<p>[\/vc_column_text][vc_separator color=&#8221;black&#8221; el_width=&#8221;40&#8243;][\/vc_column_inner][\/vc_row_inner][\/vc_column][\/vc_row]<\/p>\n","protected":false},"excerpt":{"rendered":"<p>[vc_row][vc_column][vc_column_text] \u0130leti\u015fim [\/vc_column_text][vc_gmaps link=&#8221;#E-8_JTNDaWZyYW1lJTIwc3JjJTNEJTIyaHR0cHMlM0ElMkYlMkZ3d3cuZ29vZ2xlLmNvbSUyRm1hcHMlMkZlbWJlZCUzRnBiJTNEJTIxMW0xOCUyMTFtMTIlMjExbTMlMjExZDMwNTEuMTAyMTU0MDc1MDMzNSUyMTJkMjkuNDQyMzk0NjUxMjMzODklMjEzZDQwLjExNzcyNjg4MTU5MjA5JTIxMm0zJTIxMWYwJTIxMmYwJTIxM2YwJTIxM20yJTIxMWkxMDI0JTIxMmk3NjglMjE0ZjEzLjElMjEzbTMlMjExbTIlMjExczB4MTRjYmNiMWZjYTYwNWNkZiUyNTNBMHg5MTRlMDBhNzVkYzk4Y2NiJTIxMnNNb2JpbGl5dW0lMjUyME1vYmlseWElMjUyMEFWTSUyMTVlMCUyMTNtMiUyMTFzdHIlMjEyc3RyJTIxNHYxNjE4MjMxMjIxNzEyJTIxNW0yJTIxMXN0ciUyMTJzdHIlMjIlMjB3aWR0aCUzRCUyMjYwMCUyMiUyMGhlaWdodCUzRCUyMjQ1MCUyMiUyMHN0eWxlJTNEJTIyYm9yZGVyJTNBMCUzQiUyMCUyMGZpbHRlciUzQSUyMGdyYXlzY2FsZSUyODEwMCUyNSUyOSUzQiUyMiUyMGFsbG93ZnVsbHNjcmVlbiUzRCUyMiUyMiUyMGxvYWRpbmclM0QlMjJsYXp5JTIyJTNFJTNDJTJGaWZyYW1lJTNF&#8221;][vc_row_inner content_placement=&#8221;middle&#8221;][vc_column_inner width=&#8221;2\/3&#8243;][vc_column_text] Adres: Mobiliyum A Etap No\/25 \u0130neg\u00f6l\/Bursa Mail: info@nogamobilya.com Tel: +90 (543) 312 64 84<\/p>\n","protected":false},"author":1,"featured_media":0,"parent":0,"menu_order":0,"comment_status":"closed","ping_status":"closed","template":"","meta":{"footnotes":""},"class_list":["post-1597","page","type-page","status-publish","hentry"],"yoast_head":"<!-- This site is optimized with the Yoast SEO plugin v17.4 - https:\/\/yoast.com\/wordpress\/plugins\/seo\/ -->\n<title>\u0130leti\u015fim - Noga Mobilya<\/title>\n<meta name=\"description\" content=\"Noga Mobilya, Bursa \u0130neg\u00f6l`den t\u00fcm d\u00fcnyaya kaliteli mobilya \u00fcretimi ve sat\u0131\u015f\u0131 yapan, uygun fiyatl\u0131 mobilya markas\u0131d\u0131r.\" \/>\n<meta name=\"robots\" content=\"index, follow, max-snippet:-1, max-image-preview:large, max-video-preview:-1\" \/>\n<link rel=\"canonical\" href=\"https:\/\/www.nogamobilya.com\/index.php\/iletisim\/\" \/>\n<meta property=\"og:locale\" content=\"tr_TR\" \/>\n<meta property=\"og:type\" content=\"article\" \/>\n<meta property=\"og:title\" content=\"\u0130leti\u015fim - Noga Mobilya\" \/>\n<meta property=\"og:description\" content=\"Noga Mobilya, Bursa \u0130neg\u00f6l`den t\u00fcm d\u00fcnyaya kaliteli mobilya \u00fcretimi ve sat\u0131\u015f\u0131 yapan, uygun fiyatl\u0131 mobilya markas\u0131d\u0131r.\" \/>\n<meta property=\"og:url\" content=\"https:\/\/www.nogamobilya.com\/index.php\/iletisim\/\" \/>\n<meta property=\"og:site_name\" content=\"Noga Mobilya\" \/>\n<meta property=\"article:modified_time\" content=\"2021-04-12T12:53:14+00:00\" \/>\n<meta name=\"twitter:card\" content=\"summary_large_image\" \/>\n<meta name=\"twitter:label1\" content=\"Tahmini okuma s\u00fcresi\" \/>\n\t<meta name=\"twitter:data1\" content=\"1 dakika\" \/>\n<script type=\"application\/ld+json\" class=\"yoast-schema-graph\">{\"@context\":\"https:\/\/schema.org\",\"@graph\":[{\"@type\":\"Organization\",\"@id\":\"https:\/\/www.nogamobilya.com\/#organization\",\"name\":\"Noga Mobilya\",\"url\":\"https:\/\/www.nogamobilya.com\/\",\"sameAs\":[],\"logo\":{\"@type\":\"ImageObject\",\"@id\":\"https:\/\/www.nogamobilya.com\/#logo\",\"inLanguage\":\"tr\",\"url\":\"https:\/\/www.nogamobilya.com\/wp-content\/uploads\/2021\/04\/noga-logo.png\",\"contentUrl\":\"https:\/\/www.nogamobilya.com\/wp-content\/uploads\/2021\/04\/noga-logo.png\",\"width\":330,\"height\":80,\"caption\":\"Noga Mobilya\"},\"image\":{\"@id\":\"https:\/\/www.nogamobilya.com\/#logo\"}},{\"@type\":\"WebSite\",\"@id\":\"https:\/\/www.nogamobilya.com\/#website\",\"url\":\"https:\/\/www.nogamobilya.com\/\",\"name\":\"Noga Mobilya\",\"description\":\"modern design\",\"publisher\":{\"@id\":\"https:\/\/www.nogamobilya.com\/#organization\"},\"potentialAction\":[{\"@type\":\"SearchAction\",\"target\":{\"@type\":\"EntryPoint\",\"urlTemplate\":\"https:\/\/www.nogamobilya.com\/?s={search_term_string}\"},\"query-input\":\"required name=search_term_string\"}],\"inLanguage\":\"tr\"},{\"@type\":\"WebPage\",\"@id\":\"https:\/\/www.nogamobilya.com\/index.php\/iletisim\/#webpage\",\"url\":\"https:\/\/www.nogamobilya.com\/index.php\/iletisim\/\",\"name\":\"\\u0130leti\\u015fim - Noga Mobilya\",\"isPartOf\":{\"@id\":\"https:\/\/www.nogamobilya.com\/#website\"},\"datePublished\":\"2021-02-18T11:06:11+00:00\",\"dateModified\":\"2021-04-12T12:53:14+00:00\",\"description\":\"Noga Mobilya, Bursa \\u0130neg\\u00f6l`den t\\u00fcm d\\u00fcnyaya kaliteli mobilya \\u00fcretimi ve sat\\u0131\\u015f\\u0131 yapan, uygun fiyatl\\u0131 mobilya markas\\u0131d\\u0131r.\",\"breadcrumb\":{\"@id\":\"https:\/\/www.nogamobilya.com\/index.php\/iletisim\/#breadcrumb\"},\"inLanguage\":\"tr\",\"potentialAction\":[{\"@type\":\"ReadAction\",\"target\":[\"https:\/\/www.nogamobilya.com\/index.php\/iletisim\/\"]}]},{\"@type\":\"BreadcrumbList\",\"@id\":\"https:\/\/www.nogamobilya.com\/index.php\/iletisim\/#breadcrumb\",\"itemListElement\":[{\"@type\":\"ListItem\",\"position\":1,\"name\":\"Anasayfa\",\"item\":\"http:\/\/www.nogamobilya.com\/\"},{\"@type\":\"ListItem\",\"position\":2,\"name\":\"\\u0130leti\\u015fim\"}]}]}<\/script>\n<!-- \/ Yoast SEO plugin. -->","yoast_head_json":{"title":"\u0130leti\u015fim - Noga Mobilya","description":"Noga Mobilya, Bursa \u0130neg\u00f6l`den t\u00fcm d\u00fcnyaya kaliteli mobilya \u00fcretimi ve sat\u0131\u015f\u0131 yapan, uygun fiyatl\u0131 mobilya markas\u0131d\u0131r.","robots":{"index":"index","follow":"follow","max-snippet":"max-snippet:-1","max-image-preview":"max-image-preview:large","max-video-preview":"max-video-preview:-1"},"canonical":"https:\/\/www.nogamobilya.com\/index.php\/iletisim\/","og_locale":"tr_TR","og_type":"article","og_title":"\u0130leti\u015fim - Noga Mobilya","og_description":"Noga Mobilya, Bursa \u0130neg\u00f6l`den t\u00fcm d\u00fcnyaya kaliteli mobilya \u00fcretimi ve sat\u0131\u015f\u0131 yapan, uygun fiyatl\u0131 mobilya markas\u0131d\u0131r.","og_url":"https:\/\/www.nogamobilya.com\/index.php\/iletisim\/","og_site_name":"Noga Mobilya","article_modified_time":"2021-04-12T12:53:14+00:00","twitter_card":"summary_large_image","twitter_misc":{"Tahmini okuma s\u00fcresi":"1 dakika"},"schema":{"@context":"https:\/\/schema.org","@graph":[{"@type":"Organization","@id":"https:\/\/www.nogamobilya.com\/#organization","name":"Noga Mobilya","url":"https:\/\/www.nogamobilya.com\/","sameAs":[],"logo":{"@type":"ImageObject","@id":"https:\/\/www.nogamobilya.com\/#logo","inLanguage":"tr","url":"https:\/\/www.nogamobilya.com\/wp-content\/uploads\/2021\/04\/noga-logo.png","contentUrl":"https:\/\/www.nogamobilya.com\/wp-content\/uploads\/2021\/04\/noga-logo.png","width":330,"height":80,"caption":"Noga Mobilya"},"image":{"@id":"https:\/\/www.nogamobilya.com\/#logo"}},{"@type":"WebSite","@id":"https:\/\/www.nogamobilya.com\/#website","url":"https:\/\/www.nogamobilya.com\/","name":"Noga Mobilya","description":"modern design","publisher":{"@id":"https:\/\/www.nogamobilya.com\/#organization"},"potentialAction":[{"@type":"SearchAction","target":{"@type":"EntryPoint","urlTemplate":"https:\/\/www.nogamobilya.com\/?s={search_term_string}"},"query-input":"required name=search_term_string"}],"inLanguage":"tr"},{"@type":"WebPage","@id":"https:\/\/www.nogamobilya.com\/index.php\/iletisim\/#webpage","url":"https:\/\/www.nogamobilya.com\/index.php\/iletisim\/","name":"\u0130leti\u015fim - Noga Mobilya","isPartOf":{"@id":"https:\/\/www.nogamobilya.com\/#website"},"datePublished":"2021-02-18T11:06:11+00:00","dateModified":"2021-04-12T12:53:14+00:00","description":"Noga Mobilya, Bursa \u0130neg\u00f6l`den t\u00fcm d\u00fcnyaya kaliteli mobilya \u00fcretimi ve sat\u0131\u015f\u0131 yapan, uygun fiyatl\u0131 mobilya markas\u0131d\u0131r.","breadcrumb":{"@id":"https:\/\/www.nogamobilya.com\/index.php\/iletisim\/#breadcrumb"},"inLanguage":"tr","potentialAction":[{"@type":"ReadAction","target":["https:\/\/www.nogamobilya.com\/index.php\/iletisim\/"]}]},{"@type":"BreadcrumbList","@id":"https:\/\/www.nogamobilya.com\/index.php\/iletisim\/#breadcrumb","itemListElement":[{"@type":"ListItem","position":1,"name":"Anasayfa","item":"http:\/\/www.nogamobilya.com\/"},{"@type":"ListItem","position":2,"name":"\u0130leti\u015fim"}]}]}},"_links":{"self":[{"href":"https:\/\/www.nogamobilya.com\/index.php\/wp-json\/wp\/v2\/pages\/1597","targetHints":{"allow":["GET"]}}],"collection":[{"href":"https:\/\/www.nogamobilya.com\/index.php\/wp-json\/wp\/v2\/pages"}],"about":[{"href":"https:\/\/www.nogamobilya.com\/index.php\/wp-json\/wp\/v2\/types\/page"}],"author":[{"embeddable":true,"href":"https:\/\/www.nogamobilya.com\/index.php\/wp-json\/wp\/v2\/users\/1"}],"replies":[{"embeddable":true,"href":"https:\/\/www.nogamobilya.com\/index.php\/wp-json\/wp\/v2\/comments?post=1597"}],"version-history":[{"count":10,"href":"https:\/\/www.nogamobilya.com\/index.php\/wp-json\/wp\/v2\/pages\/1597\/revisions"}],"predecessor-version":[{"id":1683,"href":"https:\/\/www.nogamobilya.com\/index.php\/wp-json\/wp\/v2\/pages\/1597\/revisions\/1683"}],"wp:attachment":[{"href":"https:\/\/www.nogamobilya.com\/index.php\/wp-json\/wp\/v2\/media?parent=1597"}],"curies":[{"name":"wp","href":"https:\/\/api.w.org\/{rel}","templated":true}]}}